{"id":7,"date":"2020-08-06T11:51:34","date_gmt":"2020-08-06T11:51:34","guid":{"rendered":"http:\/\/thestorybard.com\/altaglas\/?page_id=7"},"modified":"2022-03-28T10:53:30","modified_gmt":"2022-03-28T09:53:30","slug":"vara-tjanster","status":"publish","type":"page","link":"https:\/\/thestorybard.com\/altaglasv2\/vara-tjanster\/","title":{"rendered":"V\u00e5ra tj\u00e4nster"},"content":{"rendered":"\n\t\t<div data-scrolling-effect='parallax' data-focal-point='{\"x\":0.5,\"y\":0.5}' data-final-focal-point='{\"x\":0.5,\"y\":0.5}' data-initial-background-scale=\"1\"data-final-background-scale=\"1\" data-smooth-start=\"1\" data-smooth-end=\"1\" \t\t\tclass=\"novablocks-hero alignfull novablocks-u-valign-center novablocks-u-halign-center novablocks-u-spacing-small novablocks-u-content-width-large novablocks-u-background novablocks-u-background-dark scrolling-effect-parallax\"\n\t\t\tstyle=\"--novablocks-hero-text-color: #FFF;min-height: calc(50* var(--novablocks-1vh, 1vh)); \"\n\t\t>\n\n\t\t\t\n            <div class=\"novablocks-mask\">\n\t            <img loading=\"lazy\" decoding=\"async\" width=\"2560\" height=\"1685\" src=\"https:\/\/thestorybard.com\/altaglasv2\/wp-content\/uploads\/2020\/10\/mill-workshop-milling-industry-630762-scaled.jpeg\" class=\"novablocks-parallax\" alt=\"\" style=\"object-position: 50% 50%;opacity: 0.7; \" srcset=\"https:\/\/thestorybard.com\/altaglasv2\/wp-content\/uploads\/2020\/10\/mill-workshop-milling-industry-630762-scaled.jpeg 2560w, https:\/\/thestorybard.com\/altaglasv2\/wp-content\/uploads\/2020\/10\/mill-workshop-milling-industry-630762-300x197.jpeg 300w, https:\/\/thestorybard.com\/altaglasv2\/wp-content\/uploads\/2020\/10\/mill-workshop-milling-industry-630762-1024x674.jpeg 1024w, https:\/\/thestorybard.com\/altaglasv2\/wp-content\/uploads\/2020\/10\/mill-workshop-milling-industry-630762-768x506.jpeg 768w, https:\/\/thestorybard.com\/altaglasv2\/wp-content\/uploads\/2020\/10\/mill-workshop-milling-industry-630762-1536x1011.jpeg 1536w, https:\/\/thestorybard.com\/altaglasv2\/wp-content\/uploads\/2020\/10\/mill-workshop-milling-industry-630762-2048x1348.jpeg 2048w, https:\/\/thestorybard.com\/altaglasv2\/wp-content\/uploads\/2020\/10\/mill-workshop-milling-industry-630762-250x165.jpeg 250w, https:\/\/thestorybard.com\/altaglasv2\/wp-content\/uploads\/2020\/10\/mill-workshop-milling-industry-630762-1366x899.jpeg 1366w, https:\/\/thestorybard.com\/altaglasv2\/wp-content\/uploads\/2020\/10\/mill-workshop-milling-industry-630762-480x316.jpeg 480w\" sizes=\"auto, (max-width: 2560px) 100vw, 2560px\" \/>\n\t\t\t\t            <\/div>\n            <div class=\"novablocks-hero__foreground novablocks-foreground novablocks-u-content-padding novablocks-u-content-align\" style=\"min-height: calc(50 * var(--novablocks-1vh, 1vh)); \">\n                <div class=\"novablocks-hero__inner-container novablocks-u-content-width\" style=\"\">\n\t\t\t\t\t\n\n<h1 class=\"wp-block-novablocks-headline c-headline has-text-align-center has-larger-font-size\"><span class=\"c-headline__secondary\">V\u00e5ra tj\u00e4nster<\/span> <span class=\"c-headline__primary\"><\/span><\/h1>\n\n\n\n<p class=\"is-style-lead\">Vad vi kan erbjuda dig<\/p>\n\n                <\/div>\n\t\t\t\t            <\/div>\n\n\t\t\t\n        <\/div>\n\n\t\t\n\n\n<p>\u00c4lta Glas har fler\u00e5rig erfarenhet inom glas- och f\u00f6nsterindustrin. V\u00e5ra professionella hantverkare och tekniker har stor erfarenhet av f\u00f6nsterrenovation, f\u00f6nsterbyte, f\u00f6nsterm\u00e5leri och andra omr\u00e5den av f\u00f6nsterhantverk. Det g\u00f6r att vi kan erbjuda dig som kund&#8230;<br>&#8230; renovering av tr\u00e4f\u00f6nster<br>&#8230; byte av f\u00f6nster<br>&#8230; t\u00e4tning<br>&#8230; glasm\u00e4steri (\u00e4ven med energiglas)<br>&#8230; och renovering av tr\u00e4fasader.<\/p>\n\n\n\n<p>Vid renovering anv\u00e4nder vi k\u00e4rnvirke som \u00e4r ett tr\u00e4slag av h\u00f6gt kvalit\u00e9 och klarar av vind och vatten under alla \u00e5rstider under m\u00e5nga \u00e5r.<\/p>\n\n\n\n<p>Vid byte av glas rekommenderar vi att byta till energiglas (fr\u00e5n kulturglas\/floatglas) f\u00f6r att spara energi och energikostnader i er boende.<\/p>\n\n\n\n<p>Personalen har l\u00e5ng erfarenhet och bra yrkeskunskaper och vi str\u00e4var efter att utf\u00f6ra v\u00e5r arbete med h\u00f6gsta m\u00f6jliga kvalit\u00e9. <a rel=\"noreferrer noopener\" href=\"https:\/\/offerta.se\/foretag\/alta-glas-och-fonsterrenovering-ab\/#ratings\" target=\"_blank\">H\u00e4r kan du klicka<\/a> f\u00f6r att l\u00e4sa n\u00e5gra av v\u00e5ra omd\u00f6men fr\u00e5n tidigare kunder.<\/p>\n\n\n\n<p>Du kan \u00e4ven se en lista \u00f6ver v\u00e5ra kvalitetsst\u00e4mplar via Offerta genom att <a href=\"https:\/\/offerta.se\/foretag\/alta-glas-och-fonsterrenovering-ab\/#stamps\" target=\"_blank\" rel=\"noreferrer noopener\">klicka h\u00e4r<\/a>.<\/p>\n","protected":false},"excerpt":{"rendered":"<p>\u00c4lta Glas har fler\u00e5rig erfarenhet inom glas- och f\u00f6nsterindustrin. V\u00e5ra professionella hantverkare och tekniker har stor erfarenhet av f\u00f6nsterrenovation, f\u00f6nsterbyte, f\u00f6nsterm\u00e5leri och andra omr\u00e5den av [&hellip;]<\/p>\n","protected":false},"author":1,"featured_media":0,"parent":0,"menu_order":0,"comment_status":"closed","ping_status":"closed","template":"","meta":{"novablocks_hero_scroll_indicator":false,"novablocks_hero_position_indicators":false,"footnotes":""},"class_list":["post-7","page","type-page","status-publish","hentry"],"_links":{"self":[{"href":"https:\/\/thestorybard.com\/altaglasv2\/wp-json\/wp\/v2\/pages\/7","targetHints":{"allow":["GET"]}}],"collection":[{"href":"https:\/\/thestorybard.com\/altaglasv2\/wp-json\/wp\/v2\/pages"}],"about":[{"href":"https:\/\/thestorybard.com\/altaglasv2\/wp-json\/wp\/v2\/types\/page"}],"author":[{"embeddable":true,"href":"https:\/\/thestorybard.com\/altaglasv2\/wp-json\/wp\/v2\/users\/1"}],"replies":[{"embeddable":true,"href":"https:\/\/thestorybard.com\/altaglasv2\/wp-json\/wp\/v2\/comments?post=7"}],"version-history":[{"count":3,"href":"https:\/\/thestorybard.com\/altaglasv2\/wp-json\/wp\/v2\/pages\/7\/revisions"}],"predecessor-version":[{"id":2027,"href":"https:\/\/thestorybard.com\/altaglasv2\/wp-json\/wp\/v2\/pages\/7\/revisions\/2027"}],"wp:attachment":[{"href":"https:\/\/thestorybard.com\/altaglasv2\/wp-json\/wp\/v2\/media?parent=7"}],"curies":[{"name":"wp","href":"https:\/\/api.w.org\/{rel}","templated":true}]}}