{"id":5,"date":"2020-08-06T11:51:15","date_gmt":"2020-08-06T11:51:15","guid":{"rendered":"http:\/\/thestorybard.com\/altaglas\/?page_id=5"},"modified":"2023-04-18T08:28:30","modified_gmt":"2023-04-18T07:28:30","slug":"om-alta-glas","status":"publish","type":"page","link":"https:\/\/thestorybard.com\/altaglasv2\/om-alta-glas\/","title":{"rendered":"Om \u00c4lta Glas"},"content":{"rendered":"\n\t\t<div data-scrolling-effect='parallax' data-focal-point='{\"x\":0.5,\"y\":0.5}' data-final-focal-point='{\"x\":0.5,\"y\":0.5}' data-initial-background-scale=\"1\"data-final-background-scale=\"1\" data-smooth-start=\"1\" data-smooth-end=\"1\" \t\t\tclass=\"novablocks-hero alignfull novablocks-u-valign-center novablocks-u-halign-center novablocks-u-spacing-small novablocks-u-content-width-large novablocks-u-background novablocks-u-background-dark scrolling-effect-parallax\"\n\t\t\tstyle=\"--novablocks-hero-text-color: #FFF;min-height: calc(50* var(--novablocks-1vh, 1vh)); \"\n\t\t>\n\n\t\t\t\n            <div class=\"novablocks-mask\">\n\t            <img loading=\"lazy\" decoding=\"async\" width=\"2560\" height=\"1707\" src=\"https:\/\/thestorybard.com\/altaglasv2\/wp-content\/uploads\/2020\/10\/pexels-photo-1094767-scaled.jpeg\" class=\"novablocks-parallax\" alt=\"\" style=\"object-position: 50% 50%;opacity: 0.7; \" srcset=\"https:\/\/thestorybard.com\/altaglasv2\/wp-content\/uploads\/2020\/10\/pexels-photo-1094767-scaled.jpeg 2560w, https:\/\/thestorybard.com\/altaglasv2\/wp-content\/uploads\/2020\/10\/pexels-photo-1094767-300x200.jpeg 300w, https:\/\/thestorybard.com\/altaglasv2\/wp-content\/uploads\/2020\/10\/pexels-photo-1094767-1024x683.jpeg 1024w, https:\/\/thestorybard.com\/altaglasv2\/wp-content\/uploads\/2020\/10\/pexels-photo-1094767-768x512.jpeg 768w, https:\/\/thestorybard.com\/altaglasv2\/wp-content\/uploads\/2020\/10\/pexels-photo-1094767-1536x1024.jpeg 1536w, https:\/\/thestorybard.com\/altaglasv2\/wp-content\/uploads\/2020\/10\/pexels-photo-1094767-2048x1365.jpeg 2048w, https:\/\/thestorybard.com\/altaglasv2\/wp-content\/uploads\/2020\/10\/pexels-photo-1094767-250x167.jpeg 250w, https:\/\/thestorybard.com\/altaglasv2\/wp-content\/uploads\/2020\/10\/pexels-photo-1094767-1366x911.jpeg 1366w, https:\/\/thestorybard.com\/altaglasv2\/wp-content\/uploads\/2020\/10\/pexels-photo-1094767-480x320.jpeg 480w\" sizes=\"auto, (max-width: 2560px) 100vw, 2560px\" \/>\n\t\t\t\t            <\/div>\n            <div class=\"novablocks-hero__foreground novablocks-foreground novablocks-u-content-padding novablocks-u-content-align\" style=\"min-height: calc(50 * var(--novablocks-1vh, 1vh)); \">\n                <div class=\"novablocks-hero__inner-container novablocks-u-content-width\" style=\"\">\n\t\t\t\t\t\n\n<h1 class=\"wp-block-novablocks-headline c-headline has-text-align-center has-larger-font-size\"><span class=\"c-headline__secondary\">V\u00e4lkommen till<\/span> <span class=\"c-headline__primary\">\u00c4lta Glas<\/span><\/h1>\n\n\n\n<p class=\"is-style-lead\">Familjef\u00f6retaget som jobbar n\u00e4ra dig<\/p>\n\n                <\/div>\n\t\t\t\t            <\/div>\n\n\t\t\t\n        <\/div>\n\n\t\t\n\n\n<h2 class=\"wp-block-novablocks-headline c-headline has-text-align-center\"><span class=\"c-headline__secondary\">Om f\u00f6retaget&#8230;<\/span> <span class=\"c-headline__primary\"><\/span><\/h2>\n\n\n\n<p><strong>V\u00e4lkommen till \u00c4lta Glas &amp; F\u00f6nsterrenovering AB<\/strong><\/p>\n\n\n\n<p>V\u00e5r vision \u00e4r att v\u00e4xa genom att erbjuda h\u00f6gkvalitativa tj\u00e4nster som \u00e4r milj\u00f6medvetna.<br>F\u00f6retaget pr\u00e4glas av \u00f6msesidig respekt f\u00f6r m\u00e4nniskan och milj\u00f6n och en arbetsgl\u00e4dje.<\/p>\n\n\n\n<div class=\"wp-block-media-text is-stacked-on-mobile\" style=\"grid-template-columns:34% auto\"><figure class=\"wp-block-media-text__media\"><img loading=\"lazy\" decoding=\"async\" width=\"1024\" height=\"768\" src=\"http:\/\/thestorybard.com\/altaglas\/wp-content\/uploads\/2020\/11\/20190423_085439-1024x768.jpg\" alt=\"\" class=\"wp-image-1971 size-full\" srcset=\"https:\/\/thestorybard.com\/altaglasv2\/wp-content\/uploads\/2020\/11\/20190423_085439-1024x768.jpg 1024w, https:\/\/thestorybard.com\/altaglasv2\/wp-content\/uploads\/2020\/11\/20190423_085439-300x225.jpg 300w, https:\/\/thestorybard.com\/altaglasv2\/wp-content\/uploads\/2020\/11\/20190423_085439-768x576.jpg 768w, https:\/\/thestorybard.com\/altaglasv2\/wp-content\/uploads\/2020\/11\/20190423_085439-1536x1152.jpg 1536w, https:\/\/thestorybard.com\/altaglasv2\/wp-content\/uploads\/2020\/11\/20190423_085439-2048x1536.jpg 2048w, https:\/\/thestorybard.com\/altaglasv2\/wp-content\/uploads\/2020\/11\/20190423_085439-250x188.jpg 250w, https:\/\/thestorybard.com\/altaglasv2\/wp-content\/uploads\/2020\/11\/20190423_085439-1366x1025.jpg 1366w, https:\/\/thestorybard.com\/altaglasv2\/wp-content\/uploads\/2020\/11\/20190423_085439-480x360.jpg 480w\" sizes=\"auto, (max-width: 1024px) 100vw, 1024px\" \/><\/figure><div class=\"wp-block-media-text__content\">\n<p class=\"has-large-font-size\">Vi har flera \u00e5rs erfarenhet inom f\u00f6nsterrenovering. och det vi erbjuder:;<br>* Renovering av tr\u00e4f\u00f6nster<br>* Byte av f\u00f6nster<br>* T\u00e4tning<br>* Glasm\u00e4steri (\u00e4ven med energiglas)<br>* Renovering av tr\u00e4fasader<\/p>\n<\/div><\/div>\n\n\n\n<p>Vid renovering anv\u00e4nder vi k\u00e4rnvirke som \u00e4r ett tr\u00e4slag av h\u00f6gt kvalit\u00e9 och klarar av vind och vatten under alla \u00e5rstider under m\u00e5nga \u00e5r.<\/p>\n\n\n\n<p class=\"is-style-default\">Vid byte av glas rekommenderar vi att byta till energiglas (fr\u00e5n kulturglas\/floatglas) f\u00f6r att spara energi och energikostnader i er boende.<\/p>\n\n\n\n<div class=\"wp-block-media-text has-media-on-the-right is-stacked-on-mobile is-vertically-aligned-center\" style=\"grid-template-columns:auto 41%\"><div class=\"wp-block-media-text__content\">\n<p>Personalen har l\u00e5ng erfarenhet och bra yrkeskunskaper och vi str\u00e4var efter att utf\u00f6ra v\u00e5r arbete med h\u00f6gsta m\u00f6jliga kvalit\u00e9.<\/p>\n\n\n\n<p>\u00c4lta Glas &amp; F\u00f6nsterrenovering AB v\u00e4rnar om personalen med kollektivavtal och f\u00f6retagsh\u00e4lsa.<\/p>\n<\/div><figure class=\"wp-block-media-text__media\"><img loading=\"lazy\" decoding=\"async\" width=\"1024\" height=\"768\" src=\"http:\/\/thestorybard.com\/altaglas\/wp-content\/uploads\/2020\/11\/20180820_145921-1024x768.jpg\" alt=\"\" class=\"wp-image-1974 size-full\" srcset=\"https:\/\/thestorybard.com\/altaglasv2\/wp-content\/uploads\/2020\/11\/20180820_145921-1024x768.jpg 1024w, https:\/\/thestorybard.com\/altaglasv2\/wp-content\/uploads\/2020\/11\/20180820_145921-300x225.jpg 300w, https:\/\/thestorybard.com\/altaglasv2\/wp-content\/uploads\/2020\/11\/20180820_145921-768x576.jpg 768w, https:\/\/thestorybard.com\/altaglasv2\/wp-content\/uploads\/2020\/11\/20180820_145921-1536x1152.jpg 1536w, https:\/\/thestorybard.com\/altaglasv2\/wp-content\/uploads\/2020\/11\/20180820_145921-2048x1536.jpg 2048w, https:\/\/thestorybard.com\/altaglasv2\/wp-content\/uploads\/2020\/11\/20180820_145921-250x188.jpg 250w, https:\/\/thestorybard.com\/altaglasv2\/wp-content\/uploads\/2020\/11\/20180820_145921-1366x1025.jpg 1366w, https:\/\/thestorybard.com\/altaglasv2\/wp-content\/uploads\/2020\/11\/20180820_145921-480x360.jpg 480w\" sizes=\"auto, (max-width: 1024px) 100vw, 1024px\" \/><\/figure><\/div>\n\n\n\n<p><\/p>\n","protected":false},"excerpt":{"rendered":"<p>V\u00e4lkommen till \u00c4lta Glas &amp; F\u00f6nsterrenovering AB V\u00e5r vision \u00e4r att v\u00e4xa genom att erbjuda h\u00f6gkvalitativa tj\u00e4nster som \u00e4r milj\u00f6medvetna.F\u00f6retaget pr\u00e4glas av \u00f6msesidig respekt f\u00f6r [&hellip;]<\/p>\n","protected":false},"author":1,"featured_media":0,"parent":0,"menu_order":0,"comment_status":"closed","ping_status":"closed","template":"","meta":{"novablocks_hero_scroll_indicator":false,"novablocks_hero_position_indicators":false,"footnotes":""},"class_list":["post-5","page","type-page","status-publish","hentry"],"_links":{"self":[{"href":"https:\/\/thestorybard.com\/altaglasv2\/wp-json\/wp\/v2\/pages\/5","targetHints":{"allow":["GET"]}}],"collection":[{"href":"https:\/\/thestorybard.com\/altaglasv2\/wp-json\/wp\/v2\/pages"}],"about":[{"href":"https:\/\/thestorybard.com\/altaglasv2\/wp-json\/wp\/v2\/types\/page"}],"author":[{"embeddable":true,"href":"https:\/\/thestorybard.com\/altaglasv2\/wp-json\/wp\/v2\/users\/1"}],"replies":[{"embeddable":true,"href":"https:\/\/thestorybard.com\/altaglasv2\/wp-json\/wp\/v2\/comments?post=5"}],"version-history":[{"count":6,"href":"https:\/\/thestorybard.com\/altaglasv2\/wp-json\/wp\/v2\/pages\/5\/revisions"}],"predecessor-version":[{"id":2030,"href":"https:\/\/thestorybard.com\/altaglasv2\/wp-json\/wp\/v2\/pages\/5\/revisions\/2030"}],"wp:attachment":[{"href":"https:\/\/thestorybard.com\/altaglasv2\/wp-json\/wp\/v2\/media?parent=5"}],"curies":[{"name":"wp","href":"https:\/\/api.w.org\/{rel}","templated":true}]}}