{"id":1744,"date":"2019-09-20T12:37:32","date_gmt":"2019-09-20T12:37:32","guid":{"rendered":""},"modified":"2022-01-19T08:49:58","modified_gmt":"2022-01-19T07:49:58","slug":"about","status":"publish","type":"page","link":"https:\/\/thestorybard.com\/altaglasv2\/about\/","title":{"rendered":"V\u00e5r personal"},"content":{"rendered":"\n\t\t<div data-scrolling-effect='parallax' data-focal-point='{\"x\":0.76,\"y\":0.4}' data-final-focal-point='{\"x\":0.76,\"y\":0.5}' data-initial-background-scale=\"1\"data-final-background-scale=\"1\" data-smooth-start=\"1\" data-smooth-end=\"1\" \t\t\tclass=\"novablocks-hero alignfull novablocks-u-valign-center novablocks-u-halign-center novablocks-u-spacing-small novablocks-u-content-width-large novablocks-u-background novablocks-u-background-dark scrolling-effect-parallax\"\n\t\t\tstyle=\"--novablocks-hero-text-color: #FFF;min-height: calc(50* var(--novablocks-1vh, 1vh)); \"\n\t\t>\n\n\t\t\t\n            <div class=\"novablocks-mask\">\n\t            <img loading=\"lazy\" decoding=\"async\" width=\"3840\" height=\"2880\" src=\"https:\/\/thestorybard.com\/altaglasv2\/wp-content\/uploads\/2020\/08\/20180820_145921-3840x2880.jpg\" class=\"novablocks-parallax\" alt=\"\" style=\"object-position: 76% 40%;opacity: 0.5; \" srcset=\"https:\/\/thestorybard.com\/altaglasv2\/wp-content\/uploads\/2020\/08\/20180820_145921-3840x2880.jpg 3840w, https:\/\/thestorybard.com\/altaglasv2\/wp-content\/uploads\/2020\/08\/20180820_145921-300x225.jpg 300w, https:\/\/thestorybard.com\/altaglasv2\/wp-content\/uploads\/2020\/08\/20180820_145921-1024x768.jpg 1024w, https:\/\/thestorybard.com\/altaglasv2\/wp-content\/uploads\/2020\/08\/20180820_145921-768x576.jpg 768w, https:\/\/thestorybard.com\/altaglasv2\/wp-content\/uploads\/2020\/08\/20180820_145921-1536x1152.jpg 1536w, https:\/\/thestorybard.com\/altaglasv2\/wp-content\/uploads\/2020\/08\/20180820_145921-2048x1536.jpg 2048w, https:\/\/thestorybard.com\/altaglasv2\/wp-content\/uploads\/2020\/08\/20180820_145921-250x188.jpg 250w, https:\/\/thestorybard.com\/altaglasv2\/wp-content\/uploads\/2020\/08\/20180820_145921-1366x1025.jpg 1366w, https:\/\/thestorybard.com\/altaglasv2\/wp-content\/uploads\/2020\/08\/20180820_145921-480x360.jpg 480w\" sizes=\"auto, (max-width: 3840px) 100vw, 3840px\" \/>\n\t\t\t\t            <\/div>\n            <div class=\"novablocks-hero__foreground novablocks-foreground novablocks-u-content-padding novablocks-u-content-align\" style=\"min-height: calc(50 * var(--novablocks-1vh, 1vh)); \">\n                <div class=\"novablocks-hero__inner-container novablocks-u-content-width\" style=\"\">\n\t\t\t\t\t\n\n<h1 class=\"wp-block-novablocks-headline c-headline has-text-align-center has-larger-font-size\"><span class=\"c-headline__secondary\">M\u00f6t v\u00e5r<\/span> <span class=\"c-headline__primary\">personal<\/span><\/h1>\n\n\n\n<p><\/p>\n\n                <\/div>\n\t\t\t\t            <\/div>\n\n\t\t\t\n        <\/div>\n\n\t\t\n\n\n<p class=\"has-text-align-left is-style-default\">F\u00f6r oss p\u00e5 \u00c4lta Glas \u00e4r det viktigt att v\u00e5r personal \u00e4r kunnig, kompetent och trivs p\u00e5 firman. Vi \u00e4r ett familjef\u00f6retag som tror p\u00e5 god st\u00e4mning, service och &#8221;det lilla extra&#8221; gentemot kunden. Har du fr\u00e5gor, vill f\u00f6lja upp en tidigare best\u00e4llning eller bara komma i kontakt med oss &#8211; h\u00f6r av dig!<\/p>\n\n\n\t\t\t<div class=\"wp-block-separator is-style-elaborate\">\n                \n        <div class=\"c-separator\">\n            <div class=\"c-separator__arrow c-separator__arrow--left\"><\/div>\n            <div class=\"c-separator__line c-separator__line--left\"><\/div>\n            <div class=\"c-separator__symbol\">\n                <span><svg width=\"31\" height=\"20\" viewBox=\"0 0 31 20\" fill=\"none\" xmlns=\"http:\/\/www.w3.org\/2000\/svg\"><path d=\"M30.721 6.3114c0 .599-.2647 1.1494-.7941 1.651-.5155.5016-1.2679.8777-2.2571 1.1285-5.6984 1.4768-8.7774 2.2153-9.2372 2.2153-.5434 0-.815-.1394-.815-.418 0-.2229.3204-.5294.9613-.9195.2647-.1672 1.1842-.6758 2.7586-1.5257 2.9816-1.6161 4.5072-2.4381 4.5768-2.466 1.3375-.6548 2.4243-.9822 3.2602-.9822 1.031 0 1.5465.4389 1.5465 1.3166zm-4.8485-3.1766c0 .4598-.3553 1.0031-1.0658 1.63-.3901.3345-1.3654 1.059-2.9258 2.1735-2.9676 2.1178-4.6604 3.1766-5.0784 3.1766-.209 0-.3762-.1393-.5016-.418l.2508-.585c.836-.8639 1.7346-1.8531 2.696-2.9677 1.0309-1.1982 1.637-1.8948 1.8181-2.0899 1.4908-1.5743 2.7796-2.3615 3.8663-2.3615.6269 0 .9404.4807.9404 1.442zm-9.0073-.9613c0 .195-.0975.7035-.2926 1.5256l-.7523 2.8422c-.2926 1.0867-.4668 1.9854-.5225 2.6959-.0279.404-.0627.6548-.1045.7523-.0418.1394-.1393.209-.2926.209-.1532 0-.2508-.0627-.2926-.1881 0-.0139-.0278-.195-.0835-.5433-.1394-.8499-.418-2.2292-.836-4.138-.3204-1.4071-.4807-2.4103-.4807-3.0094 0-.7105.1812-1.2748.5434-1.6927.3762-.418.8638-.627 1.4629-.627.4737 0 .8638.209 1.1703.627.3205.404.4807.9195.4807 1.5465zm-3.2602 7.9414c0 .2787-.1463.418-.4389.418-.1253 0-.5782-.3065-1.3584-.9195-.9334-.7245-2.0202-1.658-3.2602-2.8004a185.9607 185.9607 0 0 1-2.4451-2.2362c-.5852-.599-.8777-1.1634-.8777-1.6928 0-.404.1462-.7593.4388-1.0658.3065-.3065.6827-.4598 1.1286-.4598.6966 0 1.3305.3135 1.9017.9404.2648.2787.8011 1.052 1.6092 2.3198 2.2014 3.4134 3.302 5.2456 3.302 5.4963zm3.9081 3.4065c0 .5155-.209.9265-.627 1.233-.3065.209-.6061.411-.8986.6061-.209.2508-.3135 1.1982-.3135 2.8422 0 .6688-.0209 1.1146-.0627 1.3375-.0697.3065-.216.4598-.4389.4598-.195 0-.3135-.3622-.3553-1.0867-.0975-1.853-.1672-2.9955-.209-3.4274-.4597-.3344-.8289-.7245-1.1076-1.1703-.2229-.3762-.3344-.6827-.3344-.9196 0-.5573.2021-1.0449.6061-1.4629.418-.4319.8917-.6478 1.4211-.6478.6688 0 1.2191.2159 1.651.6478.4458.4319.6688.9614.6688 1.5883zm-5.2874-2.2361c0 .2925-.1184.4388-.3553.4388-.2368 0-.7036-.1184-1.4002-.3552a545.5275 545.5275 0 0 0-2.5705-.8778C4.8764 9.488 2.9119 8.7565 2.0063 8.2968.6688 7.614 0 6.8478 0 5.9979c0-.8917.627-1.3375 1.8809-1.3375.5015 0 1.3862.3901 2.6541 1.1703 1.0031.627 2.6193 1.7416 4.8485 3.3438.1672.1115.8568.5852 2.069 1.4211.5155.3483.7732.5782.7732.6897z\" fill=\"currentColor\"\/><\/svg>\n<\/span>\n            <\/div>\n            <div class=\"c-separator__line c-separator__line--right\"><\/div>\n            <div class=\"c-separator__arrow c-separator__arrow--right\"><\/div>\n        <\/div>\n\t\t\t\t\t<\/div>\n\t\t\n\n\n<div class=\"wp-block-group\"><div class=\"wp-block-group__inner-container is-layout-flow wp-block-group-is-layout-flow\">\n<div class=\"wp-block-columns alignwide is-layout-flex wp-container-core-columns-is-layout-9d6595d7 wp-block-columns-is-layout-flex\">\n<div class=\"wp-block-column is-layout-flow wp-block-column-is-layout-flow\">\n<figure class=\"wp-block-image size-large is-resized is-style-rounded\"><img loading=\"lazy\" decoding=\"async\" src=\"http:\/\/thestorybard.com\/altaglas\/wp-content\/uploads\/2020\/11\/alta-glas-och-fonsterrenovering-ab_photos_v2_x4-1.jpg\" alt=\"\" class=\"wp-image-1967\" width=\"313\" height=\"417\" srcset=\"https:\/\/thestorybard.com\/altaglasv2\/wp-content\/uploads\/2020\/11\/alta-glas-och-fonsterrenovering-ab_photos_v2_x4-1.jpg 600w, https:\/\/thestorybard.com\/altaglasv2\/wp-content\/uploads\/2020\/11\/alta-glas-och-fonsterrenovering-ab_photos_v2_x4-1-225x300.jpg 225w, https:\/\/thestorybard.com\/altaglasv2\/wp-content\/uploads\/2020\/11\/alta-glas-och-fonsterrenovering-ab_photos_v2_x4-1-188x250.jpg 188w, https:\/\/thestorybard.com\/altaglasv2\/wp-content\/uploads\/2020\/11\/alta-glas-och-fonsterrenovering-ab_photos_v2_x4-1-576x768.jpg 576w, https:\/\/thestorybard.com\/altaglasv2\/wp-content\/uploads\/2020\/11\/alta-glas-och-fonsterrenovering-ab_photos_v2_x4-1-360x480.jpg 360w\" sizes=\"auto, (max-width: 313px) 100vw, 313px\" \/><\/figure>\n\n\n\n<h4 class=\"has-normal-font-size wp-block-heading\">Marta Stachowska Rowicka<\/h4>\n\n\n\n<h5 class=\"has-smaller-font-size wp-block-heading\">VD och \u00e4gare<\/h5>\n\n\n\n<p>Marta \u00e4r grundare av f\u00f6retaget tillsammans med verkstadschef Michal, samt \u00e4gare. <\/p>\n\n\n\n<p>Martas vision med \u00c4lta Glas \u00e4r erbjuda h\u00f6gkvalitativa tj\u00e4nster som \u00e4r milj\u00f6medvetna.<br>F\u00f6retaget ska pr\u00e4glas av \u00f6msesidig respekt f\u00f6r m\u00e4nniskan och milj\u00f6n i en god arbetsgl\u00e4dje.<\/p>\n\n\n\n<div class=\"wp-block-buttons is-layout-flex wp-block-buttons-is-layout-flex\">\n<div class=\"wp-block-button is-style-text\"><a class=\"wp-block-button__link\">Kontakta Marta<\/a><\/div>\n<\/div>\n\n\n\n<p class=\"is-style-default\"><img loading=\"lazy\" decoding=\"async\" width=\"30\" height=\"30\" class=\"wp-image-1954\" style=\"width: 30px;\" src=\"http:\/\/thestorybard.com\/altaglas\/wp-content\/uploads\/2020\/11\/phoneicon-1320183329252923405.png\" alt=\"\" srcset=\"https:\/\/thestorybard.com\/altaglasv2\/wp-content\/uploads\/2020\/11\/phoneicon-1320183329252923405.png 512w, https:\/\/thestorybard.com\/altaglasv2\/wp-content\/uploads\/2020\/11\/phoneicon-1320183329252923405-300x300.png 300w, https:\/\/thestorybard.com\/altaglasv2\/wp-content\/uploads\/2020\/11\/phoneicon-1320183329252923405-150x150.png 150w, https:\/\/thestorybard.com\/altaglasv2\/wp-content\/uploads\/2020\/11\/phoneicon-1320183329252923405-250x250.png 250w, https:\/\/thestorybard.com\/altaglasv2\/wp-content\/uploads\/2020\/11\/phoneicon-1320183329252923405-480x480.png 480w\" sizes=\"auto, (max-width: 30px) 100vw, 30px\" \/> <a rel=\"noreferrer noopener\" href=\"tel:0046707695853\" target=\"_blank\"> (+46)7695853<\/a><\/p>\n\n\n\n<p><\/p>\n\n\n\n<p><img loading=\"lazy\" decoding=\"async\" width=\"30\" height=\"30\" class=\"wp-image-1955\" style=\"width: 30px;\" src=\"http:\/\/thestorybard.com\/altaglas\/wp-content\/uploads\/2020\/11\/emaillettermailicon-1320165660069903496.png\" alt=\"\" srcset=\"https:\/\/thestorybard.com\/altaglasv2\/wp-content\/uploads\/2020\/11\/emaillettermailicon-1320165660069903496.png 512w, https:\/\/thestorybard.com\/altaglasv2\/wp-content\/uploads\/2020\/11\/emaillettermailicon-1320165660069903496-300x300.png 300w, https:\/\/thestorybard.com\/altaglasv2\/wp-content\/uploads\/2020\/11\/emaillettermailicon-1320165660069903496-150x150.png 150w, https:\/\/thestorybard.com\/altaglasv2\/wp-content\/uploads\/2020\/11\/emaillettermailicon-1320165660069903496-250x250.png 250w, https:\/\/thestorybard.com\/altaglasv2\/wp-content\/uploads\/2020\/11\/emaillettermailicon-1320165660069903496-480x480.png 480w\" sizes=\"auto, (max-width: 30px) 100vw, 30px\" \/>  <a href=\"mailto:marta@altaglas.se\" data-type=\"mailto\" data-id=\"mailto:marta@altaglas.se\">marta@altaglas.se <\/a><\/p>\n<\/div>\n\n\n\n<div class=\"wp-block-column is-layout-flow wp-block-column-is-layout-flow\">\n<figure class=\"wp-block-image size-large is-resized is-style-rounded\"><img loading=\"lazy\" decoding=\"async\" src=\"http:\/\/thestorybard.com\/altaglas\/wp-content\/uploads\/2020\/11\/anonymous-icon-0.png\" alt=\"\" class=\"wp-image-1951\" width=\"360\" height=\"360\" srcset=\"https:\/\/thestorybard.com\/altaglasv2\/wp-content\/uploads\/2020\/11\/anonymous-icon-0.png 980w, https:\/\/thestorybard.com\/altaglasv2\/wp-content\/uploads\/2020\/11\/anonymous-icon-0-300x300.png 300w, https:\/\/thestorybard.com\/altaglasv2\/wp-content\/uploads\/2020\/11\/anonymous-icon-0-150x150.png 150w, https:\/\/thestorybard.com\/altaglasv2\/wp-content\/uploads\/2020\/11\/anonymous-icon-0-768x768.png 768w, https:\/\/thestorybard.com\/altaglasv2\/wp-content\/uploads\/2020\/11\/anonymous-icon-0-250x250.png 250w, https:\/\/thestorybard.com\/altaglasv2\/wp-content\/uploads\/2020\/11\/anonymous-icon-0-480x480.png 480w\" sizes=\"auto, (max-width: 360px) 100vw, 360px\" \/><\/figure>\n\n\n\n<h4 class=\"has-normal-font-size wp-block-heading\">Michal Rowicki<\/h4>\n\n\n\n<h5 class=\"has-smaller-font-size wp-block-heading\"><strong>Verkstadschef och \u00e4gare<\/strong><\/h5>\n\n\n\n<p>Michal \u00e4r tillsammans med Marta grundare av \u00c4lta Glas och verkstadschef, med huvudansvar \u00f6ver f\u00f6retagets arbete p\u00e5 plats i verkstaden men ocks\u00e5 ute p\u00e5 projekt och uppdrag.<\/p>\n\n\n\n<p>Michals vision \u00e4r att kombinera material och glas av h\u00f6gsta kvalitet tillsammans med milj\u00f6medvetna val, och att kunna erbjuda detta till konkurrenskraftiga priser f\u00f6r kund.<\/p>\n\n\n\n<p><img loading=\"lazy\" decoding=\"async\" width=\"30\" height=\"30\" class=\"wp-image-1955\" style=\"width: 30px;\" src=\"http:\/\/thestorybard.com\/altaglas\/wp-content\/uploads\/2020\/11\/emaillettermailicon-1320165660069903496.png\" alt=\"\" srcset=\"https:\/\/thestorybard.com\/altaglasv2\/wp-content\/uploads\/2020\/11\/emaillettermailicon-1320165660069903496.png 512w, https:\/\/thestorybard.com\/altaglasv2\/wp-content\/uploads\/2020\/11\/emaillettermailicon-1320165660069903496-300x300.png 300w, https:\/\/thestorybard.com\/altaglasv2\/wp-content\/uploads\/2020\/11\/emaillettermailicon-1320165660069903496-150x150.png 150w, https:\/\/thestorybard.com\/altaglasv2\/wp-content\/uploads\/2020\/11\/emaillettermailicon-1320165660069903496-250x250.png 250w, https:\/\/thestorybard.com\/altaglasv2\/wp-content\/uploads\/2020\/11\/emaillettermailicon-1320165660069903496-480x480.png 480w\" sizes=\"auto, (max-width: 30px) 100vw, 30px\" \/> <a href=\"mailto:michal@altaglas.se\">michal@altaglas.se<\/a><\/p>\n<\/div>\n<\/div>\n\n\n\n<p><\/p>\n<\/div><\/div>\n","protected":false},"excerpt":{"rendered":"<p>F\u00f6r oss p\u00e5 \u00c4lta Glas \u00e4r det viktigt att v\u00e5r personal \u00e4r kunnig, kompetent och trivs p\u00e5 firman. Vi \u00e4r ett familjef\u00f6retag som tror p\u00e5 [&hellip;]<\/p>\n","protected":false},"author":1,"featured_media":0,"parent":0,"menu_order":0,"comment_status":"closed","ping_status":"closed","template":"","meta":{"novablocks_hero_scroll_indicator":false,"novablocks_hero_position_indicators":false,"footnotes":""},"class_list":["post-1744","page","type-page","status-publish","hentry"],"_links":{"self":[{"href":"https:\/\/thestorybard.com\/altaglasv2\/wp-json\/wp\/v2\/pages\/1744","targetHints":{"allow":["GET"]}}],"collection":[{"href":"https:\/\/thestorybard.com\/altaglasv2\/wp-json\/wp\/v2\/pages"}],"about":[{"href":"https:\/\/thestorybard.com\/altaglasv2\/wp-json\/wp\/v2\/types\/page"}],"author":[{"embeddable":true,"href":"https:\/\/thestorybard.com\/altaglasv2\/wp-json\/wp\/v2\/users\/1"}],"replies":[{"embeddable":true,"href":"https:\/\/thestorybard.com\/altaglasv2\/wp-json\/wp\/v2\/comments?post=1744"}],"version-history":[{"count":13,"href":"https:\/\/thestorybard.com\/altaglasv2\/wp-json\/wp\/v2\/pages\/1744\/revisions"}],"predecessor-version":[{"id":2015,"href":"https:\/\/thestorybard.com\/altaglasv2\/wp-json\/wp\/v2\/pages\/1744\/revisions\/2015"}],"wp:attachment":[{"href":"https:\/\/thestorybard.com\/altaglasv2\/wp-json\/wp\/v2\/media?parent=1744"}],"curies":[{"name":"wp","href":"https:\/\/api.w.org\/{rel}","templated":true}]}}