{"id":11,"date":"2020-08-06T11:52:04","date_gmt":"2020-08-06T11:52:04","guid":{"rendered":"http:\/\/thestorybard.com\/altaglas\/?page_id=11"},"modified":"2023-09-11T07:39:31","modified_gmt":"2023-09-11T06:39:31","slug":"kontakta-oss","status":"publish","type":"page","link":"https:\/\/thestorybard.com\/altaglasv2\/kontakta-oss\/","title":{"rendered":"Kontakta oss"},"content":{"rendered":"\n\t\t<div data-scrolling-effect='parallax' data-focal-point='{\"x\":0.67,\"y\":0.72}' data-final-focal-point='{\"x\":0.67,\"y\":0.5}' data-initial-background-scale=\"1\"data-final-background-scale=\"1\" data-smooth-start=\"1\" data-smooth-end=\"1\" \t\t\tclass=\"novablocks-hero alignfull novablocks-u-valign-center novablocks-u-halign-center novablocks-u-spacing-small novablocks-u-content-width-large novablocks-u-background novablocks-u-background-dark scrolling-effect-parallax\"\n\t\t\tstyle=\"--novablocks-hero-text-color: #FFF;min-height: calc(50* var(--novablocks-1vh, 1vh)); \"\n\t\t>\n\n\t\t\t\n            <div class=\"novablocks-mask\">\n\t            <img loading=\"lazy\" decoding=\"async\" width=\"2250\" height=\"1500\" src=\"https:\/\/thestorybard.com\/altaglasv2\/wp-content\/uploads\/2020\/11\/pexels-photo-3184465.jpeg\" class=\"novablocks-parallax\" alt=\"\" style=\"object-position: 67% 72%;opacity: 0.7; \" srcset=\"https:\/\/thestorybard.com\/altaglasv2\/wp-content\/uploads\/2020\/11\/pexels-photo-3184465.jpeg 2250w, https:\/\/thestorybard.com\/altaglasv2\/wp-content\/uploads\/2020\/11\/pexels-photo-3184465-300x200.jpeg 300w, https:\/\/thestorybard.com\/altaglasv2\/wp-content\/uploads\/2020\/11\/pexels-photo-3184465-1024x683.jpeg 1024w, https:\/\/thestorybard.com\/altaglasv2\/wp-content\/uploads\/2020\/11\/pexels-photo-3184465-768x512.jpeg 768w, https:\/\/thestorybard.com\/altaglasv2\/wp-content\/uploads\/2020\/11\/pexels-photo-3184465-1536x1024.jpeg 1536w, https:\/\/thestorybard.com\/altaglasv2\/wp-content\/uploads\/2020\/11\/pexels-photo-3184465-2048x1365.jpeg 2048w, https:\/\/thestorybard.com\/altaglasv2\/wp-content\/uploads\/2020\/11\/pexels-photo-3184465-250x167.jpeg 250w, https:\/\/thestorybard.com\/altaglasv2\/wp-content\/uploads\/2020\/11\/pexels-photo-3184465-1366x911.jpeg 1366w, https:\/\/thestorybard.com\/altaglasv2\/wp-content\/uploads\/2020\/11\/pexels-photo-3184465-480x320.jpeg 480w\" sizes=\"auto, (max-width: 2250px) 100vw, 2250px\" \/>\n\t\t\t\t            <\/div>\n            <div class=\"novablocks-hero__foreground novablocks-foreground novablocks-u-content-padding novablocks-u-content-align\" style=\"min-height: calc(50 * var(--novablocks-1vh, 1vh)); \">\n                <div class=\"novablocks-hero__inner-container novablocks-u-content-width\" style=\"\">\n\t\t\t\t\t\n\n<h1 class=\"wp-block-novablocks-headline c-headline has-text-align-center has-larger-font-size\"><span class=\"c-headline__secondary\">Kontakta oss<\/span> <span class=\"c-headline__primary\"><\/span><\/h1>\n\n\n\n<p class=\"is-style-lead\">Vi hj\u00e4lper dig &#8211; h\u00f6r av dig i formul\u00e4ret nedanf\u00f6r!<\/p>\n\n                <\/div>\n\t\t\t\t            <\/div>\n\n\t\t\t\n        <\/div>\n\n\t\t\n\n\n<div class=\"wpforms-container wpforms-container-full\" id=\"wpforms-1849\"><form id=\"wpforms-form-1849\" class=\"wpforms-validate wpforms-form\" data-formid=\"1849\" method=\"post\" enctype=\"multipart\/form-data\" action=\"\/altaglasv2\/wp-json\/wp\/v2\/pages\/11\"><noscript class=\"wpforms-error-noscript\">Please enable JavaScript in your browser to complete this form.<\/noscript><div class=\"wpforms-field-container\"><div id=\"wpforms-1849-field_0-container\" class=\"wpforms-field wpforms-field-name\" data-field-id=\"0\"><label class=\"wpforms-field-label\" for=\"wpforms-1849-field_0\">Namn <span class=\"wpforms-required-label\">*<\/span><\/label><div class=\"wpforms-field-row wpforms-field-medium\"><div class=\"wpforms-field-row-block wpforms-first wpforms-one-half\"><input type=\"text\" id=\"wpforms-1849-field_0\" class=\"wpforms-field-name-first wpforms-field-required\" name=\"wpforms[fields][0][first]\" placeholder=\"F\u00f6rnamn\" required><label for=\"wpforms-1849-field_0\" class=\"wpforms-field-sublabel after wpforms-sublabel-hide\">First<\/label><\/div><div class=\"wpforms-field-row-block wpforms-one-half\"><input type=\"text\" id=\"wpforms-1849-field_0-last\" class=\"wpforms-field-name-last wpforms-field-required\" name=\"wpforms[fields][0][last]\" placeholder=\"Efternamn\" required><label for=\"wpforms-1849-field_0-last\" class=\"wpforms-field-sublabel after wpforms-sublabel-hide\">Last<\/label><\/div><\/div><\/div><div id=\"wpforms-1849-field_3-container\" class=\"wpforms-field wpforms-field-radio wpforms-list-3-columns\" data-field-id=\"3\"><label class=\"wpforms-field-label\" for=\"wpforms-1849-field_3\">Vad g\u00e4ller ditt \u00e4rende? <span class=\"wpforms-required-label\">*<\/span><\/label><ul id=\"wpforms-1849-field_3\" class=\"wpforms-field-required wpforms-image-choices wpforms-image-choices-modern\"><li class=\"choice-1 depth-1 wpforms-image-choices-item\"><label class=\"wpforms-field-label-inline\" for=\"wpforms-1849-field_3_1\" tabindex=\"0\"><span class=\"wpforms-image-choices-image\"><img decoding=\"async\" src=\"http:\/\/thestorybard.com\/altaglas\/wp-content\/uploads\/2021\/02\/218682-200.png\" alt=\"Byte av f\u00f6nster\" title=\"Byte av f\u00f6nster\"><\/span><input type=\"radio\" id=\"wpforms-1849-field_3_1\" class=\"wpforms-screen-reader-element\" name=\"wpforms[fields][3]\" value=\"Byte av f\u00f6nster\" tabindex=\"-1\" required ><span class=\"wpforms-image-choices-label\">Byte av f\u00f6nster<\/span><\/label><\/li><li class=\"choice-2 depth-1 wpforms-image-choices-item\"><label class=\"wpforms-field-label-inline\" for=\"wpforms-1849-field_3_2\" tabindex=\"0\"><span class=\"wpforms-image-choices-image\"><img decoding=\"async\" src=\"http:\/\/thestorybard.com\/altaglas\/wp-content\/uploads\/2021\/01\/fonster.png\" alt=\"Byte av glas\" title=\"Byte av glas\"><\/span><input type=\"radio\" id=\"wpforms-1849-field_3_2\" class=\"wpforms-screen-reader-element\" name=\"wpforms[fields][3]\" value=\"Byte av glas\" tabindex=\"-1\" required ><span class=\"wpforms-image-choices-label\">Byte av glas<\/span><\/label><\/li><li class=\"choice-3 depth-1 wpforms-image-choices-item\"><label class=\"wpforms-field-label-inline\" for=\"wpforms-1849-field_3_3\" tabindex=\"0\"><span class=\"wpforms-image-choices-image\"><img decoding=\"async\" src=\"http:\/\/thestorybard.com\/altaglas\/wp-content\/uploads\/2021\/02\/1103565-200.png\" alt=\"F\u00f6nsterrenovation\" title=\"F\u00f6nsterrenovation\"><\/span><input type=\"radio\" id=\"wpforms-1849-field_3_3\" class=\"wpforms-screen-reader-element\" name=\"wpforms[fields][3]\" value=\"F\u00f6nsterrenovation\" tabindex=\"-1\" required ><span class=\"wpforms-image-choices-label\">F\u00f6nsterrenovation<\/span><\/label><\/li><li class=\"choice-4 depth-1 wpforms-image-choices-item\"><label class=\"wpforms-field-label-inline\" for=\"wpforms-1849-field_3_4\" tabindex=\"0\"><span class=\"wpforms-image-choices-image\"><img decoding=\"async\" src=\"http:\/\/thestorybard.com\/altaglas\/wp-content\/uploads\/2021\/01\/fonster3.png\" alt=\"F\u00f6nsterm\u00e5lning\" title=\"F\u00f6nsterm\u00e5lning\"><\/span><input type=\"radio\" id=\"wpforms-1849-field_3_4\" class=\"wpforms-screen-reader-element\" name=\"wpforms[fields][3]\" value=\"F\u00f6nsterm\u00e5lning\" tabindex=\"-1\" required ><span class=\"wpforms-image-choices-label\">F\u00f6nsterm\u00e5lning<\/span><\/label><\/li><li class=\"choice-5 depth-1 wpforms-image-choices-item\"><label class=\"wpforms-field-label-inline\" for=\"wpforms-1849-field_3_5\" tabindex=\"0\"><span class=\"wpforms-image-choices-image\"><img decoding=\"async\" src=\"http:\/\/thestorybard.com\/altaglas\/wp-content\/uploads\/2021\/01\/fonsterf4.png\" alt=\"\u00d6vrigt\/offertf\u00f6rfr\u00e5gan\" title=\"\u00d6vrigt\/offertf\u00f6rfr\u00e5gan\"><\/span><input type=\"radio\" id=\"wpforms-1849-field_3_5\" class=\"wpforms-screen-reader-element\" name=\"wpforms[fields][3]\" value=\"\u00d6vrigt\/offertf\u00f6rfr\u00e5gan\" tabindex=\"-1\" required ><span class=\"wpforms-image-choices-label\">\u00d6vrigt\/offertf\u00f6rfr\u00e5gan<\/span><\/label><\/li><\/ul><div class=\"wpforms-field-description\">V\u00e4lj den kategori som ditt \u00e4rende g\u00e4ller, s\u00e5 \u00e5terkommer vi till dig s\u00e5 snabbt som m\u00f6jligt! Om ditt \u00e4rende g\u00e4ller offert eller andra fr\u00e5gor s\u00e5 v\u00e4ljer du de kategorierna l\u00e4ngst till h\u00f6ger.<\/div><\/div><div id=\"wpforms-1849-field_5-container\" class=\"wpforms-field wpforms-field-number\" data-field-id=\"5\"><label class=\"wpforms-field-label\" for=\"wpforms-1849-field_5\">Telefonnummer <span class=\"wpforms-required-label\">*<\/span><\/label><input type=\"number\" pattern=\"\\d*\" id=\"wpforms-1849-field_5\" class=\"wpforms-field-medium wpforms-field-required\" name=\"wpforms[fields][5]\" required><\/div><div id=\"wpforms-1849-field_1-container\" class=\"wpforms-field wpforms-field-email\" data-field-id=\"1\"><label class=\"wpforms-field-label\" for=\"wpforms-1849-field_1\">E-post <span class=\"wpforms-required-label\">*<\/span><\/label><input type=\"email\" id=\"wpforms-1849-field_1\" class=\"wpforms-field-medium wpforms-field-required\" name=\"wpforms[fields][1]\" required><\/div><div id=\"wpforms-1849-field_2-container\" class=\"wpforms-field wpforms-field-textarea\" data-field-id=\"2\"><label class=\"wpforms-field-label\" for=\"wpforms-1849-field_2\">Ditt meddelande <span class=\"wpforms-required-label\">*<\/span><\/label><textarea id=\"wpforms-1849-field_2\" class=\"wpforms-field-medium wpforms-field-required\" name=\"wpforms[fields][2]\" required><\/textarea><\/div><\/div><div class=\"wpforms-field wpforms-field-hp\"><label for=\"wpforms-1849-field-hp\" class=\"wpforms-field-label\">Phone<\/label><input type=\"text\" name=\"wpforms[hp]\" id=\"wpforms-1849-field-hp\" class=\"wpforms-field-medium\"><\/div><div class=\"wpforms-submit-container\" ><input type=\"hidden\" name=\"wpforms[id]\" value=\"1849\"><input type=\"hidden\" name=\"wpforms[author]\" value=\"1\"><button type=\"submit\" name=\"wpforms[submit]\" class=\"wpforms-submit \" id=\"wpforms-submit-1849\" value=\"wpforms-submit\" aria-live=\"assertive\" data-alt-text=\"Skickar...\" data-submit-text=\"Skicka\">Skicka<\/button><\/div><\/form><\/div>  <!-- .wpforms-container -->\n\n\n\n<figure class=\"wp-block-pullquote has-normal-font-size\"><blockquote><p>Kontaktuppgifter<\/p><cite><strong>\u00c4lta Glas<\/strong><br>Hantverksv\u00e4gen 4, 137 37 <br>Haninge (V\u00e4sterhaninge)<br>070-7695853<br>info@altaglas.se<\/cite><\/blockquote><\/figure>\n\n\n\n<p><\/p>\n","protected":false},"excerpt":{"rendered":"<p>Kontaktuppgifter \u00c4lta GlasHantverksv\u00e4gen 4, 137 37 Haninge (V\u00e4sterhaninge)070-7695853info@altaglas.se<\/p>\n","protected":false},"author":1,"featured_media":0,"parent":0,"menu_order":0,"comment_status":"closed","ping_status":"closed","template":"","meta":{"novablocks_hero_scroll_indicator":false,"novablocks_hero_position_indicators":false,"footnotes":""},"class_list":["post-11","page","type-page","status-publish","hentry"],"_links":{"self":[{"href":"https:\/\/thestorybard.com\/altaglasv2\/wp-json\/wp\/v2\/pages\/11","targetHints":{"allow":["GET"]}}],"collection":[{"href":"https:\/\/thestorybard.com\/altaglasv2\/wp-json\/wp\/v2\/pages"}],"about":[{"href":"https:\/\/thestorybard.com\/altaglasv2\/wp-json\/wp\/v2\/types\/page"}],"author":[{"embeddable":true,"href":"https:\/\/thestorybard.com\/altaglasv2\/wp-json\/wp\/v2\/users\/1"}],"replies":[{"embeddable":true,"href":"https:\/\/thestorybard.com\/altaglasv2\/wp-json\/wp\/v2\/comments?post=11"}],"version-history":[{"count":13,"href":"https:\/\/thestorybard.com\/altaglasv2\/wp-json\/wp\/v2\/pages\/11\/revisions"}],"predecessor-version":[{"id":2041,"href":"https:\/\/thestorybard.com\/altaglasv2\/wp-json\/wp\/v2\/pages\/11\/revisions\/2041"}],"wp:attachment":[{"href":"https:\/\/thestorybard.com\/altaglasv2\/wp-json\/wp\/v2\/media?parent=11"}],"curies":[{"name":"wp","href":"https:\/\/api.w.org\/{rel}","templated":true}]}}